{"id":15,"date":"2025-03-25T13:31:27","date_gmt":"2025-03-25T13:31:27","guid":{"rendered":"https:\/\/solargic.net\/?page_id=15"},"modified":"2025-05-22T09:25:44","modified_gmt":"2025-05-22T09:25:44","slug":"sobre-solargic","status":"publish","type":"page","link":"https:\/\/solargic.net\/ca\/sobre-solargic\/","title":{"rendered":"Sobre Sol\u00e0rgic"},"content":{"rendered":"<div data-elementor-type=\"wp-page\" data-elementor-id=\"15\" class=\"elementor elementor-15\" data-elementor-post-type=\"page\">\n\t\t\t\t<div class=\"elementor-element elementor-element-5f7b3bf e-flex e-con-boxed e-con e-parent\" data-id=\"5f7b3bf\" data-element_type=\"container\" data-settings=\"{&quot;background_background&quot;:&quot;classic&quot;}\">\n\t\t\t\t\t<div class=\"e-con-inner\">\n\t\t<div class=\"elementor-element elementor-element-64e323b e-con-full e-flex e-con e-child\" data-id=\"64e323b\" data-element_type=\"container\">\n\t\t\t\t<div class=\"elementor-element elementor-element-f697bb9 elementor-invisible elementor-widget elementor-widget-heading\" data-id=\"f697bb9\" data-element_type=\"widget\" data-settings=\"{&quot;_animation&quot;:&quot;fadeInUp&quot;}\" data-widget_type=\"heading.default\">\n\t\t\t\t<div class=\"elementor-widget-container\">\n\t\t\t\t\t<h1 class=\"elementor-heading-title elementor-size-default\"> Sobre Solargic: Transformant el futur de l&#039;energia<\/h1>\t\t\t\t<\/div>\n\t\t\t\t<\/div>\n\t\t\t\t<\/div>\n\t\t\t\t\t<\/div>\n\t\t\t\t<\/div>\n\t\t<div class=\"elementor-element elementor-element-6ca0298 e-flex e-con-boxed e-con e-parent\" data-id=\"6ca0298\" data-element_type=\"container\">\n\t\t\t\t\t<div class=\"e-con-inner\">\n\t\t\t\t<div class=\"elementor-element elementor-element-320a552 elementor-widget__width-initial elementor-widget elementor-widget-heading\" data-id=\"320a552\" data-element_type=\"widget\" data-widget_type=\"heading.default\">\n\t\t\t\t<div class=\"elementor-widget-container\">\n\t\t\t\t\t<h2 class=\"elementor-heading-title elementor-size-default\">Descobreix com et podem ajudar a optimitzar el teu consum energ\u00e8tic\n<\/h2>\t\t\t\t<\/div>\n\t\t\t\t<\/div>\n\t\t\t\t<div class=\"elementor-element elementor-element-0ea0ab4 elementor-widget__width-initial elementor-widget elementor-widget-text-editor\" data-id=\"0ea0ab4\" data-element_type=\"widget\" data-widget_type=\"text-editor.default\">\n\t\t\t\t<div class=\"elementor-widget-container\">\n\t\t\t\t\t\t\t\t\t<p>A Solargic, ens dediquem a oferir solucions d&#039;energia solar fotovoltaica per ajudar particulars, empreses i ind\u00fastries a reduir la depend\u00e8ncia de les fonts tradicionals d&#039;energia.<\/p>\t\t\t\t\t\t\t\t<\/div>\n\t\t\t\t<\/div>\n\t\t<div class=\"elementor-element elementor-element-1b27188 e-grid e-con-full e-con e-child\" data-id=\"1b27188\" data-element_type=\"container\">\n\t\t<div class=\"elementor-element elementor-element-526fd8f e-con-full e-flex elementor-invisible e-con e-child\" data-id=\"526fd8f\" data-element_type=\"container\" data-settings=\"{&quot;background_background&quot;:&quot;classic&quot;,&quot;animation&quot;:&quot;fadeInUp&quot;}\">\n\t\t\t\t<div class=\"elementor-element elementor-element-5648263 elementor-widget__width-initial elementor-absolute elementor-widget elementor-widget-image\" data-id=\"5648263\" data-element_type=\"widget\" data-settings=\"{&quot;_position&quot;:&quot;absolute&quot;}\" data-widget_type=\"image.default\">\n\t\t\t\t<div class=\"elementor-widget-container\">\n\t\t\t\t\t\t\t\t\t\t\t\t\t\t\t<img decoding=\"async\" width=\"50\" height=\"69\" src=\"https:\/\/solargic.net\/wp-content\/uploads\/2025\/03\/green_card_bottom_style.png\" class=\"attachment-full size-full wp-image-53\" alt=\"\" \/>\t\t\t\t\t\t\t\t\t\t\t\t\t\t\t<\/div>\n\t\t\t\t<\/div>\n\t\t<div class=\"elementor-element elementor-element-47a8888 e-con-full e-flex e-con e-child\" data-id=\"47a8888\" data-element_type=\"container\">\n\t\t\t\t<div class=\"elementor-element elementor-element-fc4ed7d elementor-view-default elementor-widget elementor-widget-icon\" data-id=\"fc4ed7d\" data-element_type=\"widget\" data-widget_type=\"icon.default\">\n\t\t\t\t<div class=\"elementor-widget-container\">\n\t\t\t\t\t\t\t<div class=\"elementor-icon-wrapper\">\n\t\t\t<div class=\"elementor-icon\">\n\t\t\t<svg xmlns=\"http:\/\/www.w3.org\/2000\/svg\" xmlns:xlink=\"http:\/\/www.w3.org\/1999\/xlink\" id=\"Layer_1\" x=\"0px\" y=\"0px\" viewbox=\"0 0 64 64\" style=\"enable-background:new 0 0 64 64;\" xml:space=\"preserve\"><style type=\"text\/css\">\t.st0{fill:none;stroke:#231F20;stroke-width:2;stroke-linecap:round;stroke-linejoin:round;stroke-miterlimit:10;}<\/style><g>\t<path class=\"st0\" d=\"M51.9,40.3H12.1c-1.7,0-3.2-1.4-3.2-3.2v-3.5c0-1.7,1.4-3.2,3.2-3.2h39.8c1.7,0,3.2,1.4,3.2,3.2v3.5  C55,38.8,53.6,40.3,51.9,40.3z\"><\/path>\t<path class=\"st0\" d=\"M50.7,40.3v18.6c0,1.6-1.3,2.9-2.9,2.9H16.2c-1.6,0-2.9-1.3-2.9-2.9V40.3\"><\/path>\t<path class=\"st0\" d=\"M13.3,30.5v-3.7c0-1.2,1-2.2,2.2-2.2h2.7c1.2,0,2.2,1,2.2,2.2v3.7\"><\/path>\t<path class=\"st0\" d=\"M43.6,30.5v-3.7c0-1.2,1-2.2,2.2-2.2h2.7c1.2,0,2.2,1,2.2,2.2v3.7\"><\/path>\t<line class=\"st0\" x1=\"16.8\" y1=\"34.1\" x2=\"16.8\" y2=\"37.2\"><\/line>\t<line class=\"st0\" x1=\"18.4\" y1=\"35.6\" x2=\"15.3\" y2=\"35.6\"><\/line>\t<line class=\"st0\" x1=\"48.7\" y1=\"35.6\" x2=\"45.7\" y2=\"35.6\"><\/line>\t<path class=\"st0\" d=\"M38,30.5c1.8-1.6,2.9-4,2.9-6.6c0-4.9-4-8.9-8.9-8.9c-4.9,0-8.9,4-8.9,8.9c0,2.6,1.1,4.9,2.9,6.6\"><\/path>\t<path class=\"st0\" d=\"M13.6,25.7l-4.2-1.8l7.7-3.3c1.1-0.5,1.5-1.7,0.9-2.7l-4.3-7.3l8.2,1.9c1.1,0.2,2.2-0.5,2.3-1.7L25,2.3  l5.6,6.3c0.8,0.9,2.1,0.9,2.9,0L39,2.3l0.8,8.4c0.1,1.1,1.2,1.9,2.3,1.7l8.2-1.9L46,17.8c-0.6,1-0.2,2.3,0.9,2.7l7.7,3.3l-4.2,1.8\"><\/path>\t<path class=\"st0\" d=\"M33.2,49.4l2.6,0.3c0.3,0,0.4,0.4,0.2,0.6l-8.6,8.6c-0.3,0.3-0.7,0-0.6-0.4l2-5.4c0.1-0.2,0-0.4-0.2-0.5  l-2.4-0.6c-0.3-0.1-0.4-0.4-0.2-0.6l8.3-8.3c0.3-0.3,0.7,0,0.6,0.4l-2,5.4C32.8,49.1,32.9,49.3,33.2,49.4z\"><\/path><\/g><\/svg>\t\t\t<\/div>\n\t\t<\/div>\n\t\t\t\t\t\t<\/div>\n\t\t\t\t<\/div>\n\t\t\t\t<div class=\"elementor-element elementor-element-616339b elementor-widget elementor-widget-heading\" data-id=\"616339b\" data-element_type=\"widget\" data-widget_type=\"heading.default\">\n\t\t\t\t<div class=\"elementor-widget-container\">\n\t\t\t\t\t<h4 class=\"elementor-heading-title elementor-size-default\">Assessoria gratu\u00efta i sense comprom\u00eds<\/h4>\t\t\t\t<\/div>\n\t\t\t\t<\/div>\n\t\t\t\t<div class=\"elementor-element elementor-element-3e87754 elementor-widget elementor-widget-text-editor\" data-id=\"3e87754\" data-element_type=\"widget\" data-widget_type=\"text-editor.default\">\n\t\t\t\t<div class=\"elementor-widget-container\">\n\t\t\t\t\t\t\t\t\t<p>T&#039;oferim una consulta sense cap cost per con\u00e8ixer el teu consum energ\u00e8tic i poder dissenyar una soluci\u00f3 a mida.<\/p>\t\t\t\t\t\t\t\t<\/div>\n\t\t\t\t<\/div>\n\t\t\t\t<\/div>\n\t\t\t\t<\/div>\n\t\t<div class=\"elementor-element elementor-element-34eea0d e-con-full e-flex elementor-invisible e-con e-child\" data-id=\"34eea0d\" data-element_type=\"container\" data-settings=\"{&quot;background_background&quot;:&quot;classic&quot;,&quot;animation&quot;:&quot;fadeInUp&quot;}\">\n\t\t\t\t<div class=\"elementor-element elementor-element-7e13b8e elementor-widget__width-initial elementor-absolute elementor-widget elementor-widget-image\" data-id=\"7e13b8e\" data-element_type=\"widget\" data-settings=\"{&quot;_position&quot;:&quot;absolute&quot;}\" data-widget_type=\"image.default\">\n\t\t\t\t<div class=\"elementor-widget-container\">\n\t\t\t\t\t\t\t\t\t\t\t\t\t\t\t<img decoding=\"async\" width=\"50\" height=\"69\" src=\"https:\/\/solargic.net\/wp-content\/uploads\/2025\/03\/green_card_bottom_style.png\" class=\"attachment-full size-full wp-image-53\" alt=\"\" \/>\t\t\t\t\t\t\t\t\t\t\t\t\t\t\t<\/div>\n\t\t\t\t<\/div>\n\t\t<div class=\"elementor-element elementor-element-5833b62 e-con-full e-flex e-con e-child\" data-id=\"5833b62\" data-element_type=\"container\">\n\t\t\t\t<div class=\"elementor-element elementor-element-51b57ae elementor-view-default elementor-widget elementor-widget-icon\" data-id=\"51b57ae\" data-element_type=\"widget\" data-widget_type=\"icon.default\">\n\t\t\t\t<div class=\"elementor-widget-container\">\n\t\t\t\t\t\t\t<div class=\"elementor-icon-wrapper\">\n\t\t\t<div class=\"elementor-icon\">\n\t\t\t<svg xmlns=\"http:\/\/www.w3.org\/2000\/svg\" xmlns:xlink=\"http:\/\/www.w3.org\/1999\/xlink\" id=\"Layer_1\" x=\"0px\" y=\"0px\" viewbox=\"0 0 64 64\" style=\"enable-background:new 0 0 64 64;\" xml:space=\"preserve\"><style type=\"text\/css\">\t.st0{fill:none;stroke:#231F20;stroke-width:2;stroke-linecap:round;stroke-linejoin:round;stroke-miterlimit:10;}<\/style><g>\t<circle class=\"st0\" cx=\"18.2\" cy=\"18\" r=\"6.7\"><\/circle>\t<path class=\"st0\" d=\"M31.2,57.2C17.4,57.2,6.1,45.9,6.1,32\"><\/path>\t<path class=\"st0\" d=\"M19.2,6.5l4.2-4.8L24,8.1c0.1,0.9,0.9,1.5,1.8,1.3L32,7.9l-3.2,5.5c-0.4,0.7-0.1,1.7,0.7,2.1l5.8,2.5l-5.8,2.5  c-0.8,0.3-1.1,1.3-0.7,2.1l3.2,5.5l-6.2-1.4c-0.8-0.2-1.7,0.4-1.8,1.3l-0.6,6.3l-4.2-4.8c-0.6-0.7-1.6-0.7-2.2,0l-4.2,4.8l-0.6-6.3  c-0.1-0.9-0.9-1.5-1.8-1.3l-6.2,1.4l3.2-5.5c0.4-0.7,0.1-1.7-0.7-2.1L1,18l5.8-2.5c0.8-0.3,1.1-1.3,0.7-2.1L4.3,7.9l6.2,1.4  c0.8,0.2,1.7-0.4,1.8-1.3l0.6-6.3l4.2,4.8C17.7,7.2,18.7,7.2,19.2,6.5z\"><\/path>\t<polyline class=\"st0\" points=\"28.2,53.6 31.2,57.2 27.2,60.7  \"><\/polyline>\t<path class=\"st0\" d=\"M35.3,6.4c13.9,0,25.1,11.2,25.1,25.1\"><\/path>\t<polyline class=\"st0\" points=\"38.3,9.9 35.3,6.4 39.3,2.9  \"><\/polyline>\t<circle class=\"st0\" cx=\"47.8\" cy=\"47.2\" r=\"15.1\"><\/circle>\t<path class=\"st0\" d=\"M50.5,45.1l3.2,0.4c0.3,0,0.5,0.5,0.2,0.7L43.4,56.8c-0.3,0.3-0.8,0-0.7-0.4l2.5-6.6c0.1-0.2,0-0.5-0.3-0.6  L42,48.4c-0.3-0.1-0.4-0.5-0.2-0.7l10.2-10.2c0.3-0.3,0.8,0,0.7,0.4l-2.5,6.6C50.1,44.8,50.2,45.1,50.5,45.1z\"><\/path><\/g><\/svg>\t\t\t<\/div>\n\t\t<\/div>\n\t\t\t\t\t\t<\/div>\n\t\t\t\t<\/div>\n\t\t\t\t<div class=\"elementor-element elementor-element-31698c7 elementor-widget elementor-widget-heading\" data-id=\"31698c7\" data-element_type=\"widget\" data-widget_type=\"heading.default\">\n\t\t\t\t<div class=\"elementor-widget-container\">\n\t\t\t\t\t<h4 class=\"elementor-heading-title elementor-size-default\">Innovaci\u00f3 i efici\u00e8ncia<\/h4>\t\t\t\t<\/div>\n\t\t\t\t<\/div>\n\t\t\t\t<div class=\"elementor-element elementor-element-e41c6b0 elementor-widget elementor-widget-text-editor\" data-id=\"e41c6b0\" data-element_type=\"widget\" data-widget_type=\"text-editor.default\">\n\t\t\t\t<div class=\"elementor-widget-container\">\n\t\t\t\t\t\t\t\t\t<p>Treballem amb tecnologia de darrera generaci\u00f3 per garantir la m\u00e0xima efici\u00e8ncia dels sistemes solars.<\/p>\t\t\t\t\t\t\t\t<\/div>\n\t\t\t\t<\/div>\n\t\t\t\t<\/div>\n\t\t\t\t<\/div>\n\t\t<div class=\"elementor-element elementor-element-277217e e-con-full e-flex elementor-invisible e-con e-child\" data-id=\"277217e\" data-element_type=\"container\" data-settings=\"{&quot;background_background&quot;:&quot;classic&quot;,&quot;animation&quot;:&quot;fadeInUp&quot;}\">\n\t\t\t\t<div class=\"elementor-element elementor-element-8a663c9 elementor-widget__width-initial elementor-absolute elementor-widget elementor-widget-image\" data-id=\"8a663c9\" data-element_type=\"widget\" data-settings=\"{&quot;_position&quot;:&quot;absolute&quot;}\" data-widget_type=\"image.default\">\n\t\t\t\t<div class=\"elementor-widget-container\">\n\t\t\t\t\t\t\t\t\t\t\t\t\t\t\t<img decoding=\"async\" width=\"50\" height=\"69\" src=\"https:\/\/solargic.net\/wp-content\/uploads\/2025\/03\/green_card_bottom_style.png\" class=\"attachment-full size-full wp-image-53\" alt=\"\" \/>\t\t\t\t\t\t\t\t\t\t\t\t\t\t\t<\/div>\n\t\t\t\t<\/div>\n\t\t<div class=\"elementor-element elementor-element-b305363 e-con-full e-flex e-con e-child\" data-id=\"b305363\" data-element_type=\"container\">\n\t\t\t\t<div class=\"elementor-element elementor-element-3de6160 elementor-view-default elementor-widget elementor-widget-icon\" data-id=\"3de6160\" data-element_type=\"widget\" data-widget_type=\"icon.default\">\n\t\t\t\t<div class=\"elementor-widget-container\">\n\t\t\t\t\t\t\t<div class=\"elementor-icon-wrapper\">\n\t\t\t<div class=\"elementor-icon\">\n\t\t\t<svg xmlns=\"http:\/\/www.w3.org\/2000\/svg\" xmlns:xlink=\"http:\/\/www.w3.org\/1999\/xlink\" id=\"Layer_1\" x=\"0px\" y=\"0px\" viewbox=\"0 0 64 64\" style=\"enable-background:new 0 0 64 64;\" xml:space=\"preserve\"><style type=\"text\/css\">\t.st0{fill:none;stroke:#231F20;stroke-width:2;stroke-linecap:round;stroke-linejoin:round;stroke-miterlimit:10;}<\/style><g>\t<circle class=\"st0\" cx=\"32\" cy=\"32\" r=\"13.8\"><\/circle>\t<path class=\"st0\" d=\"M30.6,5.3L32,2.5l1.4,2.8c3.1,6,10,8.8,16.4,6.8l3-1l-1,3c-2,6.4,0.8,13.3,6.8,16.4l2.8,1.4l-2.8,1.4  c-6,3.1-8.8,10-6.8,16.4l1,3l-3-1c-6.4-2-13.3,0.8-16.4,6.8L32,61.5l-1.4-2.8c-3.1-6-10-8.8-16.4-6.8l-3,1l1-3  c2-6.4-0.8-13.3-6.8-16.4L2.5,32l2.8-1.4c6-3.1,8.8-10,6.8-16.4l-1-3l3,1C20.6,14.2,27.5,11.3,30.6,5.3z\"><\/path>\t<path class=\"st0\" d=\"M39.3,32.2v1.7c0,4-3.3,7.3-7.3,7.3s-7.3-3.3-7.3-7.3v-1.7\"><\/path>\t<path class=\"st0\" d=\"M39.3,32.2H24.7c-1,0-1.8-0.8-1.8-1.8v-0.1c0-1,0.8-1.8,1.8-1.8h14.7c1,0,1.8,0.8,1.8,1.8v0.1  C41.1,31.4,40.3,32.2,39.3,32.2z\"><\/path>\t<line class=\"st0\" x1=\"27.8\" y1=\"28.4\" x2=\"27.8\" y2=\"23.6\"><\/line>\t<line class=\"st0\" x1=\"36.2\" y1=\"28.4\" x2=\"36.2\" y2=\"23.6\"><\/line>\t<line class=\"st0\" x1=\"32\" y1=\"41.2\" x2=\"32\" y2=\"45.8\"><\/line><\/g><\/svg>\t\t\t<\/div>\n\t\t<\/div>\n\t\t\t\t\t\t<\/div>\n\t\t\t\t<\/div>\n\t\t\t\t<div class=\"elementor-element elementor-element-dba07ca elementor-widget elementor-widget-heading\" data-id=\"dba07ca\" data-element_type=\"widget\" data-widget_type=\"heading.default\">\n\t\t\t\t<div class=\"elementor-widget-container\">\n\t\t\t\t\t<h4 class=\"elementor-heading-title elementor-size-default\">Adaptaci\u00f3 a les teves necessitats<\/h4>\t\t\t\t<\/div>\n\t\t\t\t<\/div>\n\t\t\t\t<div class=\"elementor-element elementor-element-d74f606 elementor-widget elementor-widget-text-editor\" data-id=\"d74f606\" data-element_type=\"widget\" data-widget_type=\"text-editor.default\">\n\t\t\t\t<div class=\"elementor-widget-container\">\n\t\t\t\t\t\t\t\t\t<p>Cada projecte \u00e9s \u00fanic, per aix\u00f2 dissenyem solucions personalitzades que s&#039;ajustin a les teves necessitats espec\u00edfiques.<\/p>\t\t\t\t\t\t\t\t<\/div>\n\t\t\t\t<\/div>\n\t\t\t\t<\/div>\n\t\t\t\t<\/div>\n\t\t\t\t<\/div>\n\t\t\t\t\t<\/div>\n\t\t\t\t<\/div>\n\t\t<div class=\"elementor-element elementor-element-cfa7d0e e-flex e-con-boxed e-con e-parent\" data-id=\"cfa7d0e\" data-element_type=\"container\" data-settings=\"{&quot;background_background&quot;:&quot;classic&quot;}\">\n\t\t\t\t\t<div class=\"e-con-inner\">\n\t\t<div class=\"elementor-element elementor-element-205b120 e-con-full e-flex e-con e-child\" data-id=\"205b120\" data-element_type=\"container\">\n\t\t\t\t<div class=\"elementor-element elementor-element-99d32ae elementor-widget elementor-widget-heading\" data-id=\"99d32ae\" data-element_type=\"widget\" data-widget_type=\"heading.default\">\n\t\t\t\t<div class=\"elementor-widget-container\">\n\t\t\t\t\t<h3 class=\"elementor-heading-title elementor-size-default\">Fa el primer pas cap a un futur sostenible<\/h3>\t\t\t\t<\/div>\n\t\t\t\t<\/div>\n\t\t\t\t<div class=\"elementor-element elementor-element-1502815 elementor-widget-tablet__width-inherit elementor-invisible elementor-widget elementor-widget-text-editor\" data-id=\"1502815\" data-element_type=\"widget\" data-settings=\"{&quot;_animation&quot;:&quot;fadeInUp&quot;}\" data-widget_type=\"text-editor.default\">\n\t\t\t\t<div class=\"elementor-widget-container\">\n\t\t\t\t\t\t\t\t\t<p>Converteix casa teva o negoci en un espai m\u00e9s eficient i ecol\u00f2gic amb Solargic. El nostre equip d&#039;experts est\u00e0 llest per oferir-te solucions energ\u00e8tiques personalitzades i ajudar-te a aprofitar al m\u00e0xim les subvencions disponibles. Comen\u00e7a a estalviar a la teva factura de llum mentre cuides del planeta!<\/p>\t\t\t\t\t\t\t\t<\/div>\n\t\t\t\t<\/div>\n\t\t\t\t<div class=\"elementor-element elementor-element-3c50b16 elementor-align-center elementor-widget elementor-widget-button\" data-id=\"3c50b16\" data-element_type=\"widget\" data-widget_type=\"button.default\">\n\t\t\t\t<div class=\"elementor-widget-container\">\n\t\t\t\t\t\t\t\t\t<div class=\"elementor-button-wrapper\">\n\t\t\t\t\t<a class=\"elementor-button elementor-button-link elementor-size-sm elementor-animation-grow\" href=\"https:\/\/solargic.net\/ca\/contacto\/\">\n\t\t\t\t\t\t<span class=\"elementor-button-content-wrapper\">\n\t\t\t\t\t\t\t\t\t<span class=\"elementor-button-text\">CONTACTE<\/span>\n\t\t\t\t\t<\/span>\n\t\t\t\t\t<\/a>\n\t\t\t\t<\/div>\n\t\t\t\t\t\t\t\t<\/div>\n\t\t\t\t<\/div>\n\t\t\t\t<\/div>\n\t\t\t\t\t<\/div>\n\t\t\t\t<\/div>\n\t\t\t\t<\/div>","protected":false},"excerpt":{"rendered":"<p>Sobre Solargic: Transformando el futuro de la energ\u00eda Descubre c\u00f3mo podemos ayudarte a optimizar tu consumo energ\u00e9tico En Solargic, nos dedicamos a ofrecer soluciones de energ\u00eda solar fotovoltaica para ayudar a particulares, empresas e industrias a reducir su dependencia de las fuentes tradicionales de energ\u00eda. Asesor\u00eda gratuita y sin compromiso Te ofrecemos una consulta sin [&hellip;]<\/p>","protected":false},"author":3,"featured_media":0,"parent":0,"menu_order":0,"comment_status":"closed","ping_status":"closed","template":"","meta":{"inline_featured_image":false,"footnotes":""},"class_list":["post-15","page","type-page","status-publish","hentry"],"jetpack_sharing_enabled":true,"_links":{"self":[{"href":"https:\/\/solargic.net\/ca\/wp-json\/wp\/v2\/pages\/15","targetHints":{"allow":["GET"]}}],"collection":[{"href":"https:\/\/solargic.net\/ca\/wp-json\/wp\/v2\/pages"}],"about":[{"href":"https:\/\/solargic.net\/ca\/wp-json\/wp\/v2\/types\/page"}],"author":[{"embeddable":true,"href":"https:\/\/solargic.net\/ca\/wp-json\/wp\/v2\/users\/3"}],"replies":[{"embeddable":true,"href":"https:\/\/solargic.net\/ca\/wp-json\/wp\/v2\/comments?post=15"}],"version-history":[{"count":61,"href":"https:\/\/solargic.net\/ca\/wp-json\/wp\/v2\/pages\/15\/revisions"}],"predecessor-version":[{"id":1067,"href":"https:\/\/solargic.net\/ca\/wp-json\/wp\/v2\/pages\/15\/revisions\/1067"}],"wp:attachment":[{"href":"https:\/\/solargic.net\/ca\/wp-json\/wp\/v2\/media?parent=15"}],"curies":[{"name":"wp","href":"https:\/\/api.w.org\/{rel}","templated":true}]}}