{"id":25,"date":"2025-03-25T13:33:31","date_gmt":"2025-03-25T13:33:31","guid":{"rendered":"https:\/\/solargic.net\/?page_id=25"},"modified":"2025-12-24T11:45:26","modified_gmt":"2025-12-24T10:45:26","slug":"subvencion-2026","status":"publish","type":"page","link":"https:\/\/solargic.net\/ca\/subvencion-2026\/","title":{"rendered":"Subvencions 2026"},"content":{"rendered":"<div data-elementor-type=\"wp-page\" data-elementor-id=\"25\" class=\"elementor elementor-25\" data-elementor-post-type=\"page\">\n\t\t\t\t<div class=\"elementor-element elementor-element-65e15bc e-flex e-con-boxed e-con e-parent\" data-id=\"65e15bc\" data-element_type=\"container\" data-settings=\"{&quot;background_background&quot;:&quot;classic&quot;}\">\n\t\t\t\t\t<div class=\"e-con-inner\">\n\t\t<div class=\"elementor-element elementor-element-076cda1 e-con-full e-flex e-con e-child\" data-id=\"076cda1\" data-element_type=\"container\">\n\t\t\t\t<div class=\"elementor-element elementor-element-00ae32c elementor-invisible elementor-widget elementor-widget-heading\" data-id=\"00ae32c\" data-element_type=\"widget\" data-settings=\"{&quot;_animation&quot;:&quot;fadeInUp&quot;}\" data-widget_type=\"heading.default\">\n\t\t\t\t<div class=\"elementor-widget-container\">\n\t\t\t\t\t<h1 class=\"elementor-heading-title elementor-size-default\">Subvencions per a plaques solars a Euskadi 2025\n\n\n\n<\/h1>\t\t\t\t<\/div>\n\t\t\t\t<\/div>\n\t\t\t\t<\/div>\n\t\t\t\t\t<\/div>\n\t\t\t\t<\/div>\n\t\t<div class=\"elementor-element elementor-element-82685cf e-flex e-con-boxed e-con e-parent\" data-id=\"82685cf\" data-element_type=\"container\">\n\t\t\t\t\t<div class=\"e-con-inner\">\n\t\t\t\t<div class=\"elementor-element elementor-element-3f54529 elementor-widget__width-initial elementor-widget elementor-widget-heading\" data-id=\"3f54529\" data-element_type=\"widget\" data-widget_type=\"heading.default\">\n\t\t\t\t<div class=\"elementor-widget-container\">\n\t\t\t\t\t<h3 class=\"elementor-heading-title elementor-size-default\">Ajuts i beneficis fiscals per a la instal\u00b7laci\u00f3 de plaques solars\n\n<\/h3>\t\t\t\t<\/div>\n\t\t\t\t<\/div>\n\t\t\t\t<div class=\"elementor-element elementor-element-edc0bf5 elementor-widget__width-initial elementor-widget elementor-widget-text-editor\" data-id=\"edc0bf5\" data-element_type=\"widget\" data-widget_type=\"text-editor.default\">\n\t\t\t\t<div class=\"elementor-widget-container\">\n\t\t\t\t\t\t\t\t\t<p>Programa d&#039;ajuts a la generaci\u00f3 el\u00e8ctrica per a autoconsum i electrificaci\u00f3 dels consums t\u00e8rmics mitjan\u00e7ant energies renovables.<\/p><p><span style=\"text-decoration: underline;\"><a href=\"https:\/\/www.euskadi.eus\/web01-bopv\/es\/bopv2\/datos\/2025\/05\/2501943a.pdf\">BASES - Boletin Oficial d&#039;Euskadi<\/a><\/span>\u00a0<\/p><p>Termini de sol\u00b7licitud: 09\/05\/2025 00:00:00 \u2013 Data l\u00edmit: 30\/09\/2026 00:00:00<\/p>\t\t\t\t\t\t\t\t<\/div>\n\t\t\t\t<\/div>\n\t\t<div class=\"elementor-element elementor-element-738bad9 e-grid e-con-full e-con e-child\" data-id=\"738bad9\" data-element_type=\"container\">\n\t\t\t\t<div class=\"elementor-element elementor-element-167a02b elementor-position-inline-start elementor-view-default elementor-mobile-position-block-start elementor-widget elementor-widget-icon-box\" data-id=\"167a02b\" data-element_type=\"widget\" data-widget_type=\"icon-box.default\">\n\t\t\t\t<div class=\"elementor-widget-container\">\n\t\t\t\t\t\t\t<div class=\"elementor-icon-box-wrapper\">\n\n\t\t\t\t\t\t<div class=\"elementor-icon-box-icon\">\n\t\t\t\t<span  class=\"elementor-icon\">\n\t\t\t\t<svg xmlns=\"http:\/\/www.w3.org\/2000\/svg\" xmlns:xlink=\"http:\/\/www.w3.org\/1999\/xlink\" id=\"Layer_1\" x=\"0px\" y=\"0px\" viewbox=\"0 0 64 64\" style=\"enable-background:new 0 0 64 64;\" xml:space=\"preserve\"><style type=\"text\/css\">\t.st0{fill:none;stroke:#231F20;stroke-width:2;stroke-linecap:round;stroke-linejoin:round;stroke-miterlimit:10;}<\/style><g>\t<path class=\"st0\" d=\"M38.1,45.7H5.8c-1.9,0-3.4-1.7-3.2-3.6l2-15.9c0.2-1.6,1.6-2.8,3.2-2.8h28.4c1.6,0,3,1.2,3.2,2.8l2,15.9  C41.6,44,40.1,45.7,38.1,45.7z\"><\/path>\t<line class=\"st0\" x1=\"2.7\" y1=\"40.7\" x2=\"41.2\" y2=\"40.7\"><\/line>\t<line class=\"st0\" x1=\"40.4\" y1=\"34.5\" x2=\"3.5\" y2=\"34.5\"><\/line>\t<line class=\"st0\" x1=\"39.7\" y1=\"29.1\" x2=\"4.2\" y2=\"29.1\"><\/line>\t<line class=\"st0\" x1=\"16.1\" y1=\"23.4\" x2=\"15\" y2=\"40.7\"><\/line>\t<line class=\"st0\" x1=\"27.8\" y1=\"23.4\" x2=\"28.9\" y2=\"40.7\"><\/line>\t<path class=\"st0\" d=\"M56.8,23.1v0.5c0,1.8-1.4,3.2-3.2,3.2H51c-1.8,0-3.2-1.4-3.2-3.2V23c0-1-0.5-1.9-1.3-2.6  c-2.4-2-3.8-5.2-3.2-8.6c0.6-3.7,3.5-6.7,7.2-7.4c5.8-1.1,10.9,3.3,10.9,9c0,2.9-1.3,5.4-3.4,7.1C57.3,21.1,56.8,22,56.8,23.1z\"><\/path>\t<path class=\"st0\" d=\"M28.2,45.7v2.3c0,1.4-1.1,2.5-2.5,2.5h-7.5c-1.4,0-2.5-1.1-2.5-2.5v-2.3\"><\/path>\t<path class=\"st0\" d=\"M21.9,50.6l0,4.3c0,2.7,2.2,4.8,4.8,4.8h20.7c2.7,0,4.8-2.2,4.8-4.8V26.7\"><\/path>\t<polyline class=\"st0\" points=\"53.9,9.5 50.7,14.1 53.9,14.1 50.7,19.1  \"><\/polyline><\/g><\/svg>\t\t\t\t<\/span>\n\t\t\t<\/div>\n\t\t\t\n\t\t\t\t\t\t<div class=\"elementor-icon-box-content\">\n\n\t\t\t\t\t\t\t\t\t<h3 class=\"elementor-icon-box-title\">\n\t\t\t\t\t\t<span  >\n\t\t\t\t\t\t\tSubvencions directes\t\t\t\t\t\t<\/span>\n\t\t\t\t\t<\/h3>\n\t\t\t\t\n\t\t\t\t\t\t\t\t\t<p class=\"elementor-icon-box-description\">\n\t\t\t\t\t\tGaudeix d&#039;ajuts econ\u00f2mics per instal\u00b7lar panells solars, reduint els costos inicials del teu projecte d&#039;energia renovable.\n\n\t\t\t\t\t<\/p>\n\t\t\t\t\n\t\t\t<\/div>\n\t\t\t\n\t\t<\/div>\n\t\t\t\t\t\t<\/div>\n\t\t\t\t<\/div>\n\t\t\t\t<div class=\"elementor-element elementor-element-596c8e7 elementor-position-inline-start elementor-view-default elementor-mobile-position-block-start elementor-widget elementor-widget-icon-box\" data-id=\"596c8e7\" data-element_type=\"widget\" data-widget_type=\"icon-box.default\">\n\t\t\t\t<div class=\"elementor-widget-container\">\n\t\t\t\t\t\t\t<div class=\"elementor-icon-box-wrapper\">\n\n\t\t\t\t\t\t<div class=\"elementor-icon-box-icon\">\n\t\t\t\t<span  class=\"elementor-icon\">\n\t\t\t\t<svg xmlns=\"http:\/\/www.w3.org\/2000\/svg\" xmlns:xlink=\"http:\/\/www.w3.org\/1999\/xlink\" id=\"Layer_1\" x=\"0px\" y=\"0px\" viewbox=\"0 0 64 64\" style=\"enable-background:new 0 0 64 64;\" xml:space=\"preserve\"><style type=\"text\/css\">\t.st0{fill:none;stroke:#231F20;stroke-width:2;stroke-linecap:round;stroke-linejoin:round;stroke-miterlimit:10;}<\/style><g>\t<circle class=\"st0\" cx=\"32\" cy=\"32\" r=\"20\"><\/circle>\t<line class=\"st0\" x1=\"32\" y1=\"2.5\" x2=\"32\" y2=\"7.4\"><\/line>\t<line class=\"st0\" x1=\"32\" y1=\"56.6\" x2=\"32\" y2=\"61.5\"><\/line>\t<line class=\"st0\" x1=\"61.5\" y1=\"32\" x2=\"56.6\" y2=\"32\"><\/line>\t<line class=\"st0\" x1=\"7.4\" y1=\"32\" x2=\"2.5\" y2=\"32\"><\/line>\t<line class=\"st0\" x1=\"52.8\" y1=\"11.2\" x2=\"49.4\" y2=\"14.6\"><\/line>\t<line class=\"st0\" x1=\"14.6\" y1=\"49.4\" x2=\"11.2\" y2=\"52.8\"><\/line>\t<line class=\"st0\" x1=\"52.8\" y1=\"52.8\" x2=\"49.4\" y2=\"49.4\"><\/line>\t<line class=\"st0\" x1=\"14.6\" y1=\"14.6\" x2=\"11.2\" y2=\"11.2\"><\/line>\t<path class=\"st0\" d=\"M35.5,29.3l4.2,0.5c0.5,0.1,0.7,0.6,0.3,0.9L26.1,44.7c-0.4,0.4-1.1,0-0.9-0.6l3.3-8.8  c0.1-0.3-0.1-0.7-0.4-0.7l-3.8-0.9c-0.4-0.1-0.6-0.6-0.3-0.9l13.5-13.5c0.4-0.4,1.1,0,0.9,0.6l-3.3,8.7  C34.9,28.9,35.2,29.3,35.5,29.3z\"><\/path><\/g><\/svg>\t\t\t\t<\/span>\n\t\t\t<\/div>\n\t\t\t\n\t\t\t\t\t\t<div class=\"elementor-icon-box-content\">\n\n\t\t\t\t\t\t\t\t\t<h3 class=\"elementor-icon-box-title\">\n\t\t\t\t\t\t<span  >\n\t\t\t\t\t\t\t Descomptes en impostos locals\t\t\t\t\t\t<\/span>\n\t\t\t\t\t<\/h3>\n\t\t\t\t\n\t\t\t\t\t\t\t\t\t<p class=\"elementor-icon-box-description\">\n\t\t\t\t\t\tAlguns municipis ofereixen reduccions en impostos com l&#039;IBI (Impost sobre B\u00e9ns Immobles) i l&#039;ICIO (Impost sobre Construccions, Instal\u00b7lacions i Obres), amb descomptes que poden arribar fins al 50%, i amb per\u00edodes de fins a 30 anys.\n\n\n\n\n\t\t\t\t\t<\/p>\n\t\t\t\t\n\t\t\t<\/div>\n\t\t\t\n\t\t<\/div>\n\t\t\t\t\t\t<\/div>\n\t\t\t\t<\/div>\n\t\t\t\t<div class=\"elementor-element elementor-element-1eb226a elementor-position-inline-start elementor-view-default elementor-mobile-position-block-start elementor-widget elementor-widget-icon-box\" data-id=\"1eb226a\" data-element_type=\"widget\" data-widget_type=\"icon-box.default\">\n\t\t\t\t<div class=\"elementor-widget-container\">\n\t\t\t\t\t\t\t<div class=\"elementor-icon-box-wrapper\">\n\n\t\t\t\t\t\t<div class=\"elementor-icon-box-icon\">\n\t\t\t\t<span  class=\"elementor-icon\">\n\t\t\t\t<svg xmlns=\"http:\/\/www.w3.org\/2000\/svg\" xmlns:xlink=\"http:\/\/www.w3.org\/1999\/xlink\" id=\"Layer_1\" x=\"0px\" y=\"0px\" viewbox=\"0 0 64 64\" style=\"enable-background:new 0 0 64 64;\" xml:space=\"preserve\"><style type=\"text\/css\">\t.st0{fill:none;stroke:#231F20;stroke-width:2;stroke-linecap:round;stroke-linejoin:round;stroke-miterlimit:10;}<\/style><g>\t<path class=\"st0\" d=\"M44.5,57.9H20.4c-1.4,0-2.6-1.3-2.4-2.7l1.5-11.8c0.2-1.2,1.2-2.1,2.4-2.1H43c1.2,0,2.2,0.9,2.4,2.1l1.5,11.8  C47.1,56.7,45.9,57.9,44.5,57.9z\"><\/path>\t<line class=\"st0\" x1=\"18.1\" y1=\"54.2\" x2=\"46.8\" y2=\"54.2\"><\/line>\t<polyline class=\"st0\" points=\"45.9,47.7 37.2,47.7 27.7,47.7 18.9,47.7  \"><\/polyline>\t<line class=\"st0\" x1=\"28.1\" y1=\"41.3\" x2=\"27.3\" y2=\"54.2\"><\/line>\t<line class=\"st0\" x1=\"36.8\" y1=\"41.3\" x2=\"37.6\" y2=\"54.2\"><\/line>\t<path class=\"st0\" d=\"M37.1,57.9v1.8c0,1-0.8,1.9-1.9,1.9h-5.6c-1,0-1.9-0.8-1.9-1.9v-1.8\"><\/path>\t<rect x=\"18.6\" y=\"7.1\" class=\"st0\" width=\"10\" height=\"20.8\"><\/rect>\t<rect x=\"28.6\" y=\"2.5\" class=\"st0\" width=\"8.6\" height=\"25.4\"><\/rect>\t<rect x=\"37.2\" y=\"15.2\" class=\"st0\" width=\"7.3\" height=\"12.7\"><\/rect>\t<circle class=\"st0\" cx=\"32.4\" cy=\"34.6\" r=\"2.4\"><\/circle>\t<path class=\"st0\" d=\"M30,34.6H12.7c-2.1,0-3.9-1.7-3.9-3.9v-2.9h9.8\"><\/path>\t<path class=\"st0\" d=\"M34.8,34.6h16.5c2.1,0,3.9-1.7,3.9-3.9v-2.9H44.6\"><\/path>\t<line class=\"st0\" x1=\"32.4\" y1=\"36.9\" x2=\"32.4\" y2=\"41.3\"><\/line>\t<line class=\"st0\" x1=\"21.7\" y1=\"10.9\" x2=\"24.9\" y2=\"10.9\"><\/line>\t<line class=\"st0\" x1=\"21.7\" y1=\"15.2\" x2=\"24.9\" y2=\"15.2\"><\/line>\t<line class=\"st0\" x1=\"21.7\" y1=\"19.3\" x2=\"24.9\" y2=\"19.3\"><\/line>\t<line class=\"st0\" x1=\"31.4\" y1=\"7.1\" x2=\"34.5\" y2=\"7.1\"><\/line>\t<line class=\"st0\" x1=\"31.4\" y1=\"11.4\" x2=\"34.5\" y2=\"11.4\"><\/line>\t<line class=\"st0\" x1=\"31.3\" y1=\"15.5\" x2=\"34.5\" y2=\"15.5\"><\/line>\t<line class=\"st0\" x1=\"31.3\" y1=\"19.6\" x2=\"34.5\" y2=\"19.6\"><\/line>\t<line class=\"st0\" x1=\"40.9\" y1=\"15.2\" x2=\"40.9\" y2=\"11.3\"><\/line><\/g><\/svg>\t\t\t\t<\/span>\n\t\t\t<\/div>\n\t\t\t\n\t\t\t\t\t\t<div class=\"elementor-icon-box-content\">\n\n\t\t\t\t\t\t\t\t\t<h3 class=\"elementor-icon-box-title\">\n\t\t\t\t\t\t<span  >\n\t\t\t\t\t\t\tDescomptes a l&#039;impost sobre la Renda de les Persones F\u00edsiques (IRPF)\t\t\t\t\t\t<\/span>\n\t\t\t\t\t<\/h3>\n\t\t\t\t\n\t\t\t\t\t\t\t\t\t<p class=\"elementor-icon-box-description\">\n\t\t\t\t\t\tSi demostreu que la instal\u00b7laci\u00f3 millora l&#039;efici\u00e8ncia energ\u00e8tica del vostre habitatge, podeu accedir a reduccions fiscals a la vostra declaraci\u00f3 d&#039;IRPF, que varien entre el 20% i el 60% segons el tipus de millora.\n\n\n\n\n\n\t\t\t\t\t<\/p>\n\t\t\t\t\n\t\t\t<\/div>\n\t\t\t\n\t\t<\/div>\n\t\t\t\t\t\t<\/div>\n\t\t\t\t<\/div>\n\t\t\t\t<div class=\"elementor-element elementor-element-c8de9d1 elementor-position-inline-start elementor-view-default elementor-mobile-position-block-start elementor-widget elementor-widget-icon-box\" data-id=\"c8de9d1\" data-element_type=\"widget\" data-widget_type=\"icon-box.default\">\n\t\t\t\t<div class=\"elementor-widget-container\">\n\t\t\t\t\t\t\t<div class=\"elementor-icon-box-wrapper\">\n\n\t\t\t\t\t\t<div class=\"elementor-icon-box-icon\">\n\t\t\t\t<span  class=\"elementor-icon\">\n\t\t\t\t<svg xmlns=\"http:\/\/www.w3.org\/2000\/svg\" xmlns:xlink=\"http:\/\/www.w3.org\/1999\/xlink\" id=\"Layer_1\" x=\"0px\" y=\"0px\" viewbox=\"0 0 64 64\" style=\"enable-background:new 0 0 64 64;\" xml:space=\"preserve\"><style type=\"text\/css\">\t.st0{fill:none;stroke:#231F20;stroke-width:2;stroke-linecap:round;stroke-linejoin:round;stroke-miterlimit:10;}<\/style><g>\t<path class=\"st0\" d=\"M43.6,54.4H20.4c-1.4,0-2.5-1.2-2.3-2.6l1.4-11.4c0.1-1.2,1.1-2,2.3-2h20.4c1.2,0,2.2,0.9,2.3,2l1.4,11.4  C46.1,53.2,45,54.4,43.6,54.4z\"><\/path>\t<line class=\"st0\" x1=\"18.2\" y1=\"50.8\" x2=\"45.8\" y2=\"50.8\"><\/line>\t<line class=\"st0\" x1=\"44.8\" y1=\"44.6\" x2=\"19.2\" y2=\"44.6\"><\/line>\t<line class=\"st0\" x1=\"27.8\" y1=\"38.3\" x2=\"27\" y2=\"50.8\"><\/line>\t<line class=\"st0\" x1=\"36.2\" y1=\"38.3\" x2=\"37\" y2=\"50.8\"><\/line>\t<line class=\"st0\" x1=\"32\" y1=\"57.8\" x2=\"32\" y2=\"54.4\"><\/line>\t<path class=\"st0\" d=\"M37,61.1H27v-1.5c0-1,0.8-1.8,1.8-1.8h6.4c1,0,1.8,0.8,1.8,1.8V61.1z\"><\/path>\t<path class=\"st0\" d=\"M24.9,30.4H3.7c-1.3,0-2.3-1.1-2.1-2.4l1.3-10.4c0.1-1.1,1-1.8,2.1-1.8h18.6c1.1,0,2,0.8,2.1,1.8L27,28  C27.1,29.2,26.2,30.4,24.9,30.4z\"><\/path>\t<line class=\"st0\" x1=\"1.7\" y1=\"27.1\" x2=\"26.9\" y2=\"27.1\"><\/line>\t<line class=\"st0\" x1=\"25.9\" y1=\"21.4\" x2=\"2.7\" y2=\"21.4\"><\/line>\t<line class=\"st0\" x1=\"10.5\" y1=\"15.7\" x2=\"9.8\" y2=\"27.1\"><\/line>\t<line class=\"st0\" x1=\"18.1\" y1=\"15.7\" x2=\"18.8\" y2=\"27.1\"><\/line>\t<line class=\"st0\" x1=\"14.3\" y1=\"33.4\" x2=\"14.3\" y2=\"30.4\"><\/line>\t<path class=\"st0\" d=\"M18.8,36.5H9.7v-1.4c0-0.9,0.7-1.7,1.7-1.7h5.8c0.9,0,1.7,0.7,1.7,1.7V36.5z\"><\/path>\t<path class=\"st0\" d=\"M60.3,30.4H39.1c-1.3,0-2.3-1.1-2.1-2.4l1.3-10.4c0.1-1.1,1-1.8,2.1-1.8H59c1.1,0,2,0.8,2.1,1.8L62.4,28  C62.6,29.2,61.6,30.4,60.3,30.4z\"><\/path>\t<line class=\"st0\" x1=\"37.1\" y1=\"27.1\" x2=\"62.3\" y2=\"27.1\"><\/line>\t<line class=\"st0\" x1=\"61.3\" y1=\"21.4\" x2=\"38.1\" y2=\"21.4\"><\/line>\t<line class=\"st0\" x1=\"45.9\" y1=\"15.7\" x2=\"45.2\" y2=\"27.1\"><\/line>\t<line class=\"st0\" x1=\"53.5\" y1=\"15.7\" x2=\"54.2\" y2=\"27.1\"><\/line>\t<line class=\"st0\" x1=\"49.7\" y1=\"33.4\" x2=\"49.7\" y2=\"30.4\"><\/line>\t<path class=\"st0\" d=\"M54.3,36.5h-9.1v-1.4c0-0.9,0.7-1.7,1.7-1.7h5.8c0.9,0,1.7,0.7,1.7,1.7V36.5z\"><\/path>\t<circle class=\"st0\" cx=\"32\" cy=\"9.4\" r=\"2.6\"><\/circle>\t<line class=\"st0\" x1=\"32\" y1=\"2.9\" x2=\"32\" y2=\"4\"><\/line>\t<line class=\"st0\" x1=\"32\" y1=\"14.8\" x2=\"32\" y2=\"15.9\"><\/line>\t<line class=\"st0\" x1=\"38.5\" y1=\"9.4\" x2=\"37.4\" y2=\"9.4\"><\/line>\t<line class=\"st0\" x1=\"26.6\" y1=\"9.4\" x2=\"25.5\" y2=\"9.4\"><\/line>\t<line class=\"st0\" x1=\"36.6\" y1=\"4.8\" x2=\"35.8\" y2=\"5.6\"><\/line>\t<line class=\"st0\" x1=\"28.2\" y1=\"13.3\" x2=\"27.4\" y2=\"14\"><\/line>\t<line class=\"st0\" x1=\"36.6\" y1=\"14\" x2=\"35.8\" y2=\"13.3\"><\/line>\t<line class=\"st0\" x1=\"28.2\" y1=\"5.6\" x2=\"27.4\" y2=\"4.8\"><\/line><\/g><\/svg>\t\t\t\t<\/span>\n\t\t\t<\/div>\n\t\t\t\n\t\t\t\t\t\t<div class=\"elementor-icon-box-content\">\n\n\t\t\t\t\t\t\t\t\t<h3 class=\"elementor-icon-box-title\">\n\t\t\t\t\t\t<span  >\n\t\t\t\t\t\t\t IVA redu\u00eft\t\t\t\t\t\t<\/span>\n\t\t\t\t\t<\/h3>\n\t\t\t\t\n\t\t\t\t\t\t\t\t\t<p class=\"elementor-icon-box-description\">\n\t\t\t\t\t\tEl Govern ha redu\u00eft l&#039;IVA del 21% al 10% per a instal\u00b7lacions de panells solars i altres equips relacionats aplicable sota certs requisits.\n\n\n\n\n\t\t\t\t\t<\/p>\n\t\t\t\t\n\t\t\t<\/div>\n\t\t\t\n\t\t<\/div>\n\t\t\t\t\t\t<\/div>\n\t\t\t\t<\/div>\n\t\t\t\t<\/div>\n\t\t\t\t\t<\/div>\n\t\t\t\t<\/div>\n\t\t<div class=\"elementor-element elementor-element-9830cf1 e-flex e-con-boxed e-con e-parent\" data-id=\"9830cf1\" data-element_type=\"container\" data-settings=\"{&quot;background_background&quot;:&quot;classic&quot;}\">\n\t\t\t\t\t<div class=\"e-con-inner\">\n\t\t<div class=\"elementor-element elementor-element-b934492 e-con-full e-flex e-con e-child\" data-id=\"b934492\" data-element_type=\"container\">\n\t\t\t\t<div class=\"elementor-element elementor-element-d9a51df elementor-widget elementor-widget-heading\" data-id=\"d9a51df\" data-element_type=\"widget\" data-widget_type=\"heading.default\">\n\t\t\t\t<div class=\"elementor-widget-container\">\n\t\t\t\t\t<h3 class=\"elementor-heading-title elementor-size-default\">Fa el primer pas cap a un futur sostenible<\/h3>\t\t\t\t<\/div>\n\t\t\t\t<\/div>\n\t\t\t\t<div class=\"elementor-element elementor-element-ab06cf9 elementor-widget-tablet__width-inherit elementor-invisible elementor-widget elementor-widget-text-editor\" data-id=\"ab06cf9\" data-element_type=\"widget\" data-settings=\"{&quot;_animation&quot;:&quot;fadeInUp&quot;}\" data-widget_type=\"text-editor.default\">\n\t\t\t\t<div class=\"elementor-widget-container\">\n\t\t\t\t\t\t\t\t\t<p>Converteix casa teva o negoci en un espai m\u00e9s eficient i ecol\u00f2gic amb Solargic. El nostre equip d&#039;experts est\u00e0 llest per oferir-te solucions energ\u00e8tiques personalitzades i ajudar-te a aprofitar al m\u00e0xim les subvencions disponibles. Comen\u00e7a a estalviar a la teva factura de llum mentre cuides del planeta!<\/p>\t\t\t\t\t\t\t\t<\/div>\n\t\t\t\t<\/div>\n\t\t\t\t<div class=\"elementor-element elementor-element-800095e elementor-align-center elementor-widget elementor-widget-button\" data-id=\"800095e\" data-element_type=\"widget\" data-widget_type=\"button.default\">\n\t\t\t\t<div class=\"elementor-widget-container\">\n\t\t\t\t\t\t\t\t\t<div class=\"elementor-button-wrapper\">\n\t\t\t\t\t<a class=\"elementor-button elementor-button-link elementor-size-sm elementor-animation-grow\" href=\"https:\/\/solargic.net\/ca\/contacto\/\">\n\t\t\t\t\t\t<span class=\"elementor-button-content-wrapper\">\n\t\t\t\t\t\t\t\t\t<span class=\"elementor-button-text\">CONTACTE<\/span>\n\t\t\t\t\t<\/span>\n\t\t\t\t\t<\/a>\n\t\t\t\t<\/div>\n\t\t\t\t\t\t\t\t<\/div>\n\t\t\t\t<\/div>\n\t\t\t\t<\/div>\n\t\t\t\t\t<\/div>\n\t\t\t\t<\/div>\n\t\t\t\t<\/div>","protected":false},"excerpt":{"rendered":"<p>Subvencions per a plaques solars a Euskadi 2025 Ajuts i beneficis fiscals per a la instal\u00b7laci\u00f3 de plaques solars Programa d&#039;ajuts a la generaci\u00f3 el\u00e8ctrica per a autoconsum i l&#039;electrificaci\u00f3 dels consums t\u00e8rmics mitjan\u00e7ant energies renovables. BASES \u2013 Boletin Oficial d&#039;Euskadi Termini de sol\u00b7licitud: 09\/05\/2025 00:00:00 \u2013 Data l\u00edmit: 30\/09\/2026 00:00:00 Subvencions directes Gaudeix [\u2026]<\/p>","protected":false},"author":3,"featured_media":0,"parent":0,"menu_order":0,"comment_status":"closed","ping_status":"closed","template":"","meta":{"inline_featured_image":false,"footnotes":""},"class_list":["post-25","page","type-page","status-publish","hentry"],"jetpack_sharing_enabled":true,"_links":{"self":[{"href":"https:\/\/solargic.net\/ca\/wp-json\/wp\/v2\/pages\/25","targetHints":{"allow":["GET"]}}],"collection":[{"href":"https:\/\/solargic.net\/ca\/wp-json\/wp\/v2\/pages"}],"about":[{"href":"https:\/\/solargic.net\/ca\/wp-json\/wp\/v2\/types\/page"}],"author":[{"embeddable":true,"href":"https:\/\/solargic.net\/ca\/wp-json\/wp\/v2\/users\/3"}],"replies":[{"embeddable":true,"href":"https:\/\/solargic.net\/ca\/wp-json\/wp\/v2\/comments?post=25"}],"version-history":[{"count":59,"href":"https:\/\/solargic.net\/ca\/wp-json\/wp\/v2\/pages\/25\/revisions"}],"predecessor-version":[{"id":1695,"href":"https:\/\/solargic.net\/ca\/wp-json\/wp\/v2\/pages\/25\/revisions\/1695"}],"wp:attachment":[{"href":"https:\/\/solargic.net\/ca\/wp-json\/wp\/v2\/media?parent=25"}],"curies":[{"name":"wp","href":"https:\/\/api.w.org\/{rel}","templated":true}]}}