{"id":32,"date":"2025-03-25T13:44:47","date_gmt":"2025-03-25T13:44:47","guid":{"rendered":"https:\/\/solargic.net\/?page_id=32"},"modified":"2025-05-22T09:26:03","modified_gmt":"2025-05-22T09:26:03","slug":"politica-de-cookies","status":"publish","type":"page","link":"https:\/\/solargic.net\/ca\/politica-de-cookies\/","title":{"rendered":"Pol\u00edtica de Cookies"},"content":{"rendered":"<div data-elementor-type=\"wp-page\" data-elementor-id=\"32\" class=\"elementor elementor-32\" data-elementor-post-type=\"page\">\n\t\t\t\t<div class=\"elementor-element elementor-element-6ec8c2b9 e-flex e-con-boxed e-con e-parent\" data-id=\"6ec8c2b9\" data-element_type=\"container\">\n\t\t\t\t\t<div class=\"e-con-inner\">\n\t\t\t\t<div class=\"elementor-element elementor-element-53cb490 elementor-widget elementor-widget-heading\" data-id=\"53cb490\" data-element_type=\"widget\" data-widget_type=\"heading.default\">\n\t\t\t\t<div class=\"elementor-widget-container\">\n\t\t\t\t\t<h2 class=\"elementor-heading-title elementor-size-default\">Pol\u00edtica de Cookies<\/h2>\t\t\t\t<\/div>\n\t\t\t\t<\/div>\n\t\t\t\t<div class=\"elementor-element elementor-element-48f54330 elementor-widget elementor-widget-text-editor\" data-id=\"48f54330\" data-element_type=\"widget\" data-widget_type=\"text-editor.default\">\n\t\t\t\t<div class=\"elementor-widget-container\">\n\t\t\t\t\t\t\t\t\t\n<p><em>Aquesta pol\u00edtica de cookies va ser actualitzada per darrera vegada el 08\/01\/2024 i s&#039;aplica als ciutadans i residents legals permanents de l&#039;Espai Econ\u00f2mic Europeu i Su\u00efssa.<\/em><\/p>\n\n\n\n<p><strong>1. Introducci\u00f3<\/strong><\/p>\n\n\n\n<p>La nostra web,<a href=\"https:\/\/sublimia.online-valles-webs.com\/\"> <\/a><a href=\"https:\/\/solargic.net\/ca\/\">https:\/\/solargic.net\/<\/a> (d&#039;ara endavant: \u00abla web\u00bb) utilitza cookies i altres tecnologies relacionades (per a m\u00e9s comoditat, totes les tecnologies s&#039;anomenen \u00abcookies\u00bb). Les cookies tamb\u00e9 s\u00f3n col\u00b7locades per tercers als que hem contractat. Al seg\u00fcent document t&#039;informem sobre l&#039;\u00fas de cookies a la nostra web.<\/p>\n\n\n\n<p><strong>2. Qu\u00e8 s\u00f3n les galetes?<\/strong><\/p>\n\n\n\n<p>Una galeta \u00e9s un petit fitxer que s&#039;envia juntament amb les p\u00e0gines d&#039;aquesta web i que el vostre navegador emmagatzema al disc dur del vostre ordinador o un altre dispositiu. La informaci\u00f3 emmagatzemada pot ser tornada als nostres servidors o als servidors de tercers apropiats durant una visita posterior.<\/p>\n\n\n\n<p><strong>3. Qu\u00e8 s\u00f3n els scripts?<\/strong><\/p>\n\n\n\n<p>Un script \u00e9s un fragment de codi de programa que s&#039;utilitza per fer que la nostra web funcioni correctament i de manera interactiva. Aquest codi s&#039;executa al nostre servidor o al vostre dispositiu.<\/p>\n\n\n\n<p><strong>4. Qu\u00e8 \u00e9s una balisa web?<\/strong><\/p>\n\n\n\n<p>Una balisa web (o una etiqueta de p\u00edxel) \u00e9s una petita i invisible pe\u00e7a de text o imatge en una web que sutilitza per monitoritzar el tr\u00e0nsit en una web. Per aix\u00f2, s&#039;emmagatzemen diverses dades sobre vost\u00e8 mitjan\u00e7ant aquestes balises web.<\/p>\n\n\n\n<p><strong>5. Cookies<\/strong><\/p>\n\n\n\n<p><strong>5.1 Galetes t\u00e8cniques o funcionals<\/strong><\/p>\n\n\n\n<p>Algunes galetes asseguren que certes parts del web funcionin correctament i que les teves prefer\u00e8ncies d&#039;usuari es continu\u00efn recordant. En col\u00b7locar cookies funcionals, et facilitem la visita a la nostra web. D&#039;aquesta manera, no necessites introduir repetidament la mateixa informaci\u00f3 quan visites la nostra web i, per exemple, els articles romanen a la cistella de la compra fins que hagis pagat. Podem col\u00b7locar aquestes galetes sense el teu consentiment.<\/p>\n\n\n\n<p><strong>5.2 Galetes de m\u00e0rqueting\/seguiment<\/strong><\/p>\n\n\n\n<p>Les galetes de m\u00e0rqueting\/seguiment s\u00f3n galetes, o qualsevol altra forma d&#039;emmagatzematge local, usades per crear perfils d&#039;usuari per mostrar publicitat o per fer el seguiment de l&#039;usuari en aquesta web o en diverses webs amb finalitats de m\u00e0rqueting similars.<\/p>\n\n\n\n<p><strong>6. Cookies usades<\/strong><\/p>\n\n\n\n<p><strong>Elementor<\/strong><\/p>\n\n\n\n<p>Estad\u00edstiques (an\u00f2nimes)<\/p>\n\n\n\n<p>Consent to service elementor<\/p>\n\n\n\n<p><strong>WordPress<\/strong><\/p>\n\n\n\n<p>Funcional<\/p>\n\n\n\n<p>Consent to service wordpress<\/p>\n\n\n\n<p><strong>Diversos<\/strong><\/p>\n\n\n\n<p>Prop\u00f2sit pendent de recerca<\/p>\n\n\n\n<p>Consent to service diversos<\/p>\n\n\n\n<p><strong>7. Consentiment<\/strong><\/p>\n\n\n\n<p>Quan visiteu la nostra web per primera vegada, us mostrarem una finestra emergent amb una explicaci\u00f3 sobre les cookies. Tan bon punt feu clic a \u00abDesa les prefer\u00e8ncies\u00bb, accepteu que utilitzem les categories de galetes i connectors que heu seleccionat a la finestra emergent, tal com es descriu en aquesta pol\u00edtica de galetes. Podeu desactivar l&#039;\u00fas de cookies a trav\u00e9s del vostre navegador, per\u00f2, si us plau, tingueu en compte que la nostra web pot deixar de funcionar correctament.<\/p>\n\n\n\n<p><strong>7.1 Gestiona els teus ajustaments de consentiment<\/strong><\/p>\n\n\n\n<p>Funcional<\/p>\n\n\n\n<p>Sempre actiu<\/p>\n\n\n\n<p>M\u00e0rqueting<\/p>\n\n\n\n<p>M\u00e0rqueting<\/p>\n\n\n\n<p><strong>8. Activaci\u00f3\/desactivaci\u00f3 i esborrament de cookies<\/strong><\/p>\n\n\n\n<p>Pots utilitzar el teu navegador d&#039;Internet per eliminar les galetes de forma autom\u00e0tica o manual. Tamb\u00e9 pots especificar que algunes galetes no poden ser col\u00b7locades.<\/p>\n\n\n\n<p>Tingues en compte que la nostra web pot no funcionar correctament si totes les galetes estan desactivades Si esborres les galetes del teu navegador, es tornaran a col\u00b7locar despr\u00e9s del teu consentiment quan tornis a visitar les nostres webs.<\/p>\n\n\n\n<p><strong>9. Els teus drets pel que fa a les dades personals<\/strong><\/p>\n\n\n\n<p>Tens els drets seg\u00fcents pel que fa a les teves dades personals:<\/p>\n\n\n\n<ul class=\"wp-block-list\">\n<li>T\u00e9 dret a saber per qu\u00e8 es necessiten les teves dades personals, qu\u00e8 passar\u00e0 amb elles i durant quant de temps es conservaran.<\/li>\n\n\n\n<li>Dret d&#039;acc\u00e9s: tens dret a accedir a les dades personals que coneixem.<\/li>\n\n\n\n<li>Dret de rectificaci\u00f3: tens dret a completar, rectificar, esborrar o bloquejar les teves dades personals quan vulguis.<\/li>\n\n\n\n<li>Si ens d\u00f3nes el teu consentiment per processar les teves dades, tens dret a revocar aquest consentiment ia que s&#039;eliminin les teves dades personals.<\/li>\n\n\n\n<li>Dret de cessi\u00f3 de les teves dades: tens dret a sol\u00b7licitar totes les dades personals al responsable del tractament ia transferir-les \u00edntegrament a un altre responsable del tractament.<\/li>\n\n\n\n<li>Dret d&#039;oposici\u00f3: et pots oposar al tractament de les teves dades. Nosaltres complim amb aix\u00f2, tret que hi hagi motius justificats per al processament.<\/li>\n<\/ul>\n\n\n\n<p>Per exercir aquests drets, si us plau, contacta amb nosaltres. Si us plau, consulteu els detalls de contacte a la part inferior d&#039;aquesta pol\u00edtica de cookies. Si teniu alguna queixa sobre com gestionem les vostres dades, ens agradaria que ens la fessis saber, per\u00f2 tamb\u00e9 tens dret a enviar una queixa a l&#039;autoritat supervisora (l&#039;autoritat de protecci\u00f3 de dades).<\/p>\n\n\n\n<p><strong>10. Dades de contacte<\/strong><\/p>\n\n\n\n<p>Per a preguntes i\/o comentaris sobre la nostra pol\u00edtica de cookies i aquesta declaraci\u00f3, si us plau, contacta amb nosaltres usant les seg\u00fcents dades de contacte:<\/p>\n\n\n\n<ul class=\"wp-block-list\">\n<li><strong>Empresa:<\/strong> SOLARGIC ENERGY SL<\/li>\n\n\n\n<li><strong>Responsable:<\/strong> Unai<\/li>\n\n\n\n<li><strong>NIF:<\/strong> B56441702<\/li>\n\n\n\n<li><strong>Domicili:<\/strong> CARRER DOLORS IBARRURI, 5 \u2013 BJ 2<\/li>\n\n\n\n<li><strong>Poblaci\u00f3:<\/strong> 48012 BILBAO ( Biscaia )<\/li>\n\n\n\n<li><strong>Mail:<\/strong> <a href=\"mailto:solargicsl@gmail.com\">solargicsl@gmail.com<\/a>,\u00a0 <a href=\"mailto:info@solargic.net\">info@solargic.net<\/a><\/li>\n\n\n\n<li><strong>Tel\u00e8fon:<\/strong> 615926488<\/li>\n<\/ul>\n\n\n\n<p>Aquesta pol\u00edtica de galetes s&#039;ha sincronitzat amb&nbsp;<a href=\"https:\/\/cookiedatabase.org\/\">cookiedatabase.org<\/a>&nbsp;el 08\/01\/2024.<\/p>\n\t\t\t\t\t\t\t\t<\/div>\n\t\t\t\t<\/div>\n\t\t\t\t\t<\/div>\n\t\t\t\t<\/div>\n\t\t\t\t<\/div>","protected":false},"excerpt":{"rendered":"<p>Esta pol\u00edtica de cookies fue actualizada por \u00faltima vez el 08\/01\/2024 y se aplica a los ciudadanos y residentes legales permanentes del Espacio Econ\u00f3mico Europeo y Suiza. 1. Introducci\u00f3n Nuestra web, https:\/\/solargic.net\/ (en adelante: \u00abla web\u00bb) utiliza cookies y otras tecnolog\u00edas relacionadas (para mayor comodidad, todas las tecnolog\u00edas se denominan \u00abcookies\u00bb). Las cookies tambi\u00e9n son [&hellip;]<\/p>","protected":false},"author":3,"featured_media":0,"parent":0,"menu_order":0,"comment_status":"closed","ping_status":"closed","template":"","meta":{"inline_featured_image":false,"footnotes":""},"class_list":["post-32","page","type-page","status-publish","hentry"],"jetpack_sharing_enabled":true,"_links":{"self":[{"href":"https:\/\/solargic.net\/ca\/wp-json\/wp\/v2\/pages\/32","targetHints":{"allow":["GET"]}}],"collection":[{"href":"https:\/\/solargic.net\/ca\/wp-json\/wp\/v2\/pages"}],"about":[{"href":"https:\/\/solargic.net\/ca\/wp-json\/wp\/v2\/types\/page"}],"author":[{"embeddable":true,"href":"https:\/\/solargic.net\/ca\/wp-json\/wp\/v2\/users\/3"}],"replies":[{"embeddable":true,"href":"https:\/\/solargic.net\/ca\/wp-json\/wp\/v2\/comments?post=32"}],"version-history":[{"count":5,"href":"https:\/\/solargic.net\/ca\/wp-json\/wp\/v2\/pages\/32\/revisions"}],"predecessor-version":[{"id":655,"href":"https:\/\/solargic.net\/ca\/wp-json\/wp\/v2\/pages\/32\/revisions\/655"}],"wp:attachment":[{"href":"https:\/\/solargic.net\/ca\/wp-json\/wp\/v2\/media?parent=32"}],"curies":[{"name":"wp","href":"https:\/\/api.w.org\/{rel}","templated":true}]}}