{"id":33,"date":"2025-03-25T13:45:42","date_gmt":"2025-03-25T13:45:42","guid":{"rendered":"https:\/\/solargic.net\/?page_id=33"},"modified":"2025-05-22T09:25:59","modified_gmt":"2025-05-22T09:25:59","slug":"politica-de-privacidad","status":"publish","type":"page","link":"https:\/\/solargic.net\/eu\/politica-de-privacidad\/","title":{"rendered":"Pribatutasun-politika"},"content":{"rendered":"<div data-elementor-type=\"wp-page\" data-elementor-id=\"33\" class=\"elementor elementor-33\" data-elementor-post-type=\"page\">\n\t\t\t\t<div class=\"elementor-element elementor-element-2cb58c03 e-flex e-con-boxed e-con e-parent\" data-id=\"2cb58c03\" data-element_type=\"container\">\n\t\t\t\t\t<div class=\"e-con-inner\">\n\t\t\t\t<div class=\"elementor-element elementor-element-64a9377 elementor-widget elementor-widget-heading\" data-id=\"64a9377\" data-element_type=\"widget\" data-widget_type=\"heading.default\">\n\t\t\t\t<div class=\"elementor-widget-container\">\n\t\t\t\t\t<h2 class=\"elementor-heading-title elementor-size-default\">Pribatutasun-politika<\/h2>\t\t\t\t<\/div>\n\t\t\t\t<\/div>\n\t\t\t\t<div class=\"elementor-element elementor-element-219d5c1f elementor-widget elementor-widget-text-editor\" data-id=\"219d5c1f\" data-element_type=\"widget\" data-widget_type=\"text-editor.default\">\n\t\t\t\t<div class=\"elementor-widget-container\">\n\t\t\t\t\t\t\t\t\t\n<p><strong>1.- ERABILTZAILEARENTZAKO INFORMAZIOA<\/strong><\/p>\n\n\n\n<p>Webguneak webguneko erabiltzaileei jakinarazten die bere webgunean nabigatzean eska daitezkeen erabiltzaileen eta bezeroen datu pertsonalen tratamenduari eta babesari buruzko politikari buruz.<\/p>\n\n\n\n<p>Webgunea da erabiltzailearen datu pertsonalen tratamenduaren arduraduna, eta, beraz, zure datuen tratamenduari buruzko informazio hau ematen da:<\/p>\n\n\n\n<p><strong>Datuak gordetzeko irizpideak:<\/strong>&nbsp;Emandako datu pertsonalak gordeko dira interesdunak haien etetea eskatu arte, datuen gaineko eskubideak erabiliz, eta edozein kasutan aplikagarri diren legezko preskripzio-epeak betez.<\/p>\n\n\n\n<p><strong>Interesdunen eskubideak:<\/strong><\/p>\n\n\n\n<p>Zure baimena edozein unetan kentzeko eskubidea.<br>Zure datuak eskuratzeko, zuzentzeko, ezabatzeko eta transferitzeko eskubidea, baita haien tratamendua mugatzeko edo aurka egiteko eskubidea ere, eta banakako erabaki automatizatuen menpe ez egoteko eskubidea.<\/p>\n\n\n\n<p><strong>Zure eskubideak gauzatzeko harremanetarako informazioa:<\/strong><\/p>\n\n\n\n<p>Behar bezala identifikatu behar duzu zeure burua eta eskubidea erabiltzeko eskatu argi eta garbi.<\/p>\n\n\n\n<ul class=\"wp-block-list\">\n<li><strong>Enpresa:<\/strong> SOLARGIC ENERGY SL<\/li>\n\n\n\n<li><strong>Arduraduna:<\/strong> Unai<\/li>\n\n\n\n<li><strong>IFZ:<\/strong> B56441702<\/li>\n\n\n\n<li><strong>Etxea:<\/strong> DOLORES IBARRURI KALEA, 5 \u2013 BJ 2<\/li>\n\n\n\n<li><strong>Biztanleria:<\/strong> 48012 BILBAO (Bizkaia)<\/li>\n\n\n\n<li><strong>Posta:<\/strong> <a href=\"mailto:solargicsl@gmail.com\" target=\"_blank\" rel=\"noreferrer noopener\">solargicsl@gmail.com<\/a>,\u00a0 <a href=\"mailto:info@solargic.net\" target=\"_blank\" rel=\"noreferrer noopener\">info@solardic.net<\/a><\/li>\n\n\n\n<li><strong>Telefonoa:<\/strong> 615926488<\/li>\n<\/ul>\n\n\n\n<p><strong>2.- ERABILTZAILEAK EMANDAKO INFORMAZIOA<\/strong><\/p>\n\n\n\n<p>18 urtetik beherakoa bazara, ez duzu baimenik gure webguneko formularioak erabiltzeko.<\/p>\n\n\n\n<p>Harremanetarako formularioetan datuak sartuz edo deskargatzeko formularioetan informazioa bidaliz, Erabiltzaileek espresuki, libreki eta zalantzarik gabe onartzen dute beren datuak beharrezkoak direla Arduradunak beren eskaera izapidetzeko. Gainerako eremuetan datuak sartzea borondatezkoa da.<\/p>\n\n\n\n<p>Erabiltzaileak bermatzen du emandako datu pertsonalak egiazkoak direla eta edozein aldaketa jakinarazteaz arduratzen da.<\/p>\n\n\n\n<p>Webgunearen bidez eskatutako datu guztiak beharrezkoak dira Erabiltzaileari zerbitzu optimoa emateko. Datu guztiak ematen ez badira, ez dago bermatuta Kontrolatzaileak eskaintzen dituen informazioa eta zerbitzuak zure beharretara guztiz egokituko direnik.<\/p>\n\n\n\n<p><strong>3.- SEGURTASUN NEURRIAK<\/strong><\/p>\n\n\n\n<p>Datu pertsonalen babesari buruzko indarreko araudiaren arabera, Arduradunak GDPR eta LOPD araudiaren xedapen guztiak betetzen dituela bere erantzukizunpean dauden datu pertsonalen tratamendurako, datu horiek modu zilegian, bidezkoan eta gardenki tratatzen direla datuen subjektuarekiko, eta egokiak, garrantzitsuak eta tratatzen diren helburuetarako beharrezkoa denera mugatuak direla.<\/p>\n\n\n\n<p>Arduradunak bermatzen du GDPRk eta LOPDk ezarritako segurtasun-neurriak aplikatzeko politika tekniko eta antolakuntzazko egokiak ezarri dituela, Erabiltzaileen eskubide eta askatasunak babesteko, eta neurri horiek erabili ahal izan ditzaten informazio egokia eman diela.<\/p>\n\n\n\n<p><strong>4.- SEGURTASUN-URRATZEAK<\/strong><\/p>\n\n\n\n<p>Kontrolatzaileak webgune honek erabiltzen duen datu-baseari edo gure hirugarrenen zerbitzuei eragiten dien edozein segurtasun-urraketa jakinaraziko dio datuak kaltetuak izan daitezkeen pertsona bakoitzari eta agintariei, urraketa detektatu eta 72 orduko epean.<\/p>\n\n\n\n<p><strong>APLIKAGARRI DAGOEN LEGE ETA JURISDIKZIOA<\/strong><\/p>\n\n\n\n<p>Webgune honekin edo bertan egiten diren jarduerekin lotutako gatazka edo arazo guztiak konpontzeko, Espainiako legedia aplikatuko da, eta alderdiek berariaz onartzen dute lege hori. Bartzelonako Epaitegiek eta Auzitegiek izango dute haren erabileratik sortutako edo harekin lotutako gatazka guztiak ebazteko eskumena.<\/p>\n\t\t\t\t\t\t\t\t<\/div>\n\t\t\t\t<\/div>\n\t\t\t\t\t<\/div>\n\t\t\t\t<\/div>\n\t\t\t\t<\/div>","protected":false},"excerpt":{"rendered":"<p>1.- INFORMACI\u00d3N AL USUARIO El sitio web informa a los usuarios del sitio web sobre su pol\u00edtica respecto al tratamiento y protecci\u00f3n de los datos de car\u00e1cter personal de los usuarios y clientes que puedan ser solicitados por la navegaci\u00f3n a trav\u00e9s de su sitio web. El sitio web es el Responsable del tratamiento de [&hellip;]<\/p>","protected":false},"author":3,"featured_media":0,"parent":0,"menu_order":0,"comment_status":"closed","ping_status":"closed","template":"","meta":{"inline_featured_image":false,"footnotes":""},"class_list":["post-33","page","type-page","status-publish","hentry"],"jetpack_sharing_enabled":true,"_links":{"self":[{"href":"https:\/\/solargic.net\/eu\/wp-json\/wp\/v2\/pages\/33","targetHints":{"allow":["GET"]}}],"collection":[{"href":"https:\/\/solargic.net\/eu\/wp-json\/wp\/v2\/pages"}],"about":[{"href":"https:\/\/solargic.net\/eu\/wp-json\/wp\/v2\/types\/page"}],"author":[{"embeddable":true,"href":"https:\/\/solargic.net\/eu\/wp-json\/wp\/v2\/users\/3"}],"replies":[{"embeddable":true,"href":"https:\/\/solargic.net\/eu\/wp-json\/wp\/v2\/comments?post=33"}],"version-history":[{"count":5,"href":"https:\/\/solargic.net\/eu\/wp-json\/wp\/v2\/pages\/33\/revisions"}],"predecessor-version":[{"id":658,"href":"https:\/\/solargic.net\/eu\/wp-json\/wp\/v2\/pages\/33\/revisions\/658"}],"wp:attachment":[{"href":"https:\/\/solargic.net\/eu\/wp-json\/wp\/v2\/media?parent=33"}],"curies":[{"name":"wp","href":"https:\/\/api.w.org\/{rel}","templated":true}]}}