{"id":42,"date":"2025-03-25T13:44:18","date_gmt":"2025-03-25T13:44:18","guid":{"rendered":"https:\/\/solargic.net\/?page_id=42"},"modified":"2025-05-22T09:25:20","modified_gmt":"2025-05-22T09:25:20","slug":"declaracion-de-accesibilidad","status":"publish","type":"page","link":"https:\/\/solargic.net\/eu\/declaracion-de-accesibilidad\/","title":{"rendered":"Irisgarritasun Adierazpena"},"content":{"rendered":"<div data-elementor-type=\"wp-page\" data-elementor-id=\"42\" class=\"elementor elementor-42\" data-elementor-post-type=\"page\">\n\t\t\t\t<div class=\"elementor-element elementor-element-1bf44d8 e-flex e-con-boxed e-con e-parent\" data-id=\"1bf44d8\" data-element_type=\"container\">\n\t\t\t\t\t<div class=\"e-con-inner\">\n\t\t\t\t<div class=\"elementor-element elementor-element-8561a55 elementor-widget elementor-widget-heading\" data-id=\"8561a55\" data-element_type=\"widget\" data-widget_type=\"heading.default\">\n\t\t\t\t<div class=\"elementor-widget-container\">\n\t\t\t\t\t<h2 class=\"elementor-heading-title elementor-size-default\">Irisgarritasun Adierazpena<\/h2>\t\t\t\t<\/div>\n\t\t\t\t<\/div>\n\t\t\t\t<div class=\"elementor-element elementor-element-7920cd46 elementor-widget elementor-widget-text-editor\" data-id=\"7920cd46\" data-element_type=\"widget\" data-widget_type=\"text-editor.default\">\n\t\t\t\t<div class=\"elementor-widget-container\">\n\t\t\t\t\t\t\t\t\t\n<p>SOLARGIC ENERGY SL-k bere webgunea irisgarria egiteko konpromisoa hartu du, sektore publikoko webguneen eta mugikorretarako aplikazioen irisgarritasunari buruzko irailaren 7ko 1112\/2018 Errege Dekretuaren arabera. Irisgarritasun adierazpen hau webgune honi aplikatzen zaio.<\/p>\n\n\n\n<p><strong>Betetze-egoera<\/strong><\/p>\n\n\n\n<p>Webgune hau 1112\/2018 Errege Dekretuaren arabera garatu da.<\/p>\n\n\n\n<p><strong>Hurrengo irisgarritasun adierazpenerako prestatzen<\/strong><\/p>\n\n\n\n<p>Adierazpen hau 2023ko apirilaren 20an prestatu zen. Adierazpena prestatzeko erabilitako metodoa autoebaluazioa izan zen.<\/p>\n\n\n\n<p><strong>Iruzkinak eta harremanetarako informazioa<\/strong><\/p>\n\n\n\n<p>Irisgarritasun-eskakizunei buruzko komunikazioak egin ditzakezu (1112\/2018 EDren 10.2.a artikulua), hala nola:<\/p>\n\n\n\n<ul class=\"wp-block-list\">\n<li>Webgune honek izan dezakeen edozein ez-betetze posiblearen berri eman<\/li>\n\n\n\n<li>Edukira sartzeko beste zailtasun batzuk adieraztea<\/li>\n\n\n\n<li>Webgunearen irisgarritasunari buruzko beste edozein kontsulta edo hobekuntza iradokizun egin dezakezu webgune honetako harremanetarako formularioaren edo telefono zenbakiaren bidez.\u00a0<\/li>\n<\/ul>\n\n\n\n<p>Aurkez dezakezu:<\/p>\n\n\n\n<ul class=\"wp-block-list\">\n<li>1112\/2018 Errege Dekretuaren betekizunen betetzeari buruzko kexa<\/li>\n\n\n\n<li>Informazio eskuragarria eskatzeko honako hauei buruz:\n<ul class=\"wp-block-list\">\n<li>1112\/2018 EDren aplikazio-eremutik kanpo geratzen diren edukiak, 3. artikuluaren 4. atalean xedatutakoaren arabera<\/li>\n\n\n\n<li>Zama neurrigabea ezartzeagatik irisgarritasun-eskakizunak betetzetik salbuetsita dagoen edukia<\/li>\n\n\n\n<li>Informazio Eskuragarriaren Eskaeran, gertaerak, arrazoiak eta eskaera argi eta garbi adierazi behar dira eskaera arrazoizkoa eta zilegi dela frogatzeko.<\/li>\n<\/ul>\n<\/li>\n<\/ul>\n\n\n\n<p>Informazio eskuragarriari buruzko kexak eta erreklamazioak egoitza elektronikoaren bidez aurkeztuko dira (https:\/\/sede.red.gob.es\/procedimientos\/quejas-y-sugerencias) eta Red.es-eko Informazio Sistemen sailak jaso eta izapidetuko ditu.<\/p>\n\n\n\n<p><strong>Aukerako edukia<\/strong><\/p>\n\n\n\n<ul class=\"wp-block-list\">\n<li>Nabigatzaile grafiko nagusietan letra-tamaina aldatzeko, erabili menu hauek:<\/li>\n\n\n\n<li>Safari: Ikusi &gt; Testua handitu<\/li>\n\n\n\n<li>Chrome: Uneko orria kontrolatu &gt; Testuaren tamaina<\/li>\n<\/ul>\n\n\n\n<p>Orrialdeko guztiaren tamaina aldatzeko:<\/p>\n\n\n\n<ul class=\"wp-block-list\">\n<li>Ctrl++ handitzeko<\/li>\n\n\n\n<li>Ktrl + \u2013 txikitzeko<\/li>\n\n\n\n<li>Ctrl + 0 jatorrizko testuaren tamaina berreskuratzen du<\/li>\n\n\n\n<li>Estilo-orria gainidatzi edo testuaren kolorea aldatu nahi baduzu, WAIren Nola Aldatu Testuaren Tamaina edo Koloreak orria kontsulta dezakezu, gaztelaniara itzulita irakur daitekeena Nola aldatu testuaren tamaina edo koloreak? helbidean.<\/li>\n<\/ul>\n\t\t\t\t\t\t\t\t<\/div>\n\t\t\t\t<\/div>\n\t\t\t\t\t<\/div>\n\t\t\t\t<\/div>\n\t\t\t\t<\/div>","protected":false},"excerpt":{"rendered":"<p>SOLARGIC ENERGY SL se ha comprometido a hacer accesible su sitio web, conforme al Real Decreto 1112\/2018, de 7 de septiembre, sobre accesibilidad de los sitios web y aplicaciones para dispositivos m\u00f3viles del sector p\u00fablico. Esta declaraci\u00f3n de accesibilidad se aplica a esta web. Situaci\u00f3n de cumplimiento Este sitio web est\u00e1 desarrollado seg\u00fan el RD [&hellip;]<\/p>","protected":false},"author":3,"featured_media":0,"parent":0,"menu_order":0,"comment_status":"closed","ping_status":"closed","template":"","meta":{"inline_featured_image":false,"footnotes":""},"class_list":["post-42","page","type-page","status-publish","hentry"],"jetpack_sharing_enabled":true,"_links":{"self":[{"href":"https:\/\/solargic.net\/eu\/wp-json\/wp\/v2\/pages\/42","targetHints":{"allow":["GET"]}}],"collection":[{"href":"https:\/\/solargic.net\/eu\/wp-json\/wp\/v2\/pages"}],"about":[{"href":"https:\/\/solargic.net\/eu\/wp-json\/wp\/v2\/types\/page"}],"author":[{"embeddable":true,"href":"https:\/\/solargic.net\/eu\/wp-json\/wp\/v2\/users\/3"}],"replies":[{"embeddable":true,"href":"https:\/\/solargic.net\/eu\/wp-json\/wp\/v2\/comments?post=42"}],"version-history":[{"count":5,"href":"https:\/\/solargic.net\/eu\/wp-json\/wp\/v2\/pages\/42\/revisions"}],"predecessor-version":[{"id":649,"href":"https:\/\/solargic.net\/eu\/wp-json\/wp\/v2\/pages\/42\/revisions\/649"}],"wp:attachment":[{"href":"https:\/\/solargic.net\/eu\/wp-json\/wp\/v2\/media?parent=42"}],"curies":[{"name":"wp","href":"https:\/\/api.w.org\/{rel}","templated":true}]}}